{"id":1035,"date":"2016-12-19T15:38:51","date_gmt":"2016-12-19T14:38:51","guid":{"rendered":"https:\/\/wi-tec-gmbh.de\/?page_id=1035"},"modified":"2016-12-19T15:43:37","modified_gmt":"2016-12-19T14:43:37","slug":"folientastaturen","status":"publish","type":"page","link":"https:\/\/wi-tec-gmbh.de\/en\/folientastaturen\/","title":{"rendered":"Folientastaturen"},"content":{"rendered":"<p>[vc_row][vc_column width=&#8221;1\/2&#8243;][vc_column_text]<strong>Schalt-und Tastenmatten aus Silkon<\/strong><br \/>\nVerschiedene Shoreh\u00e4rten<br \/>\nVariable Kontaktdr\u00fccke von 20 bis 350 Gramm<br \/>\nMit Carbon-oder Goldkontakten (verschieden Strukturen)<\/p>\n<ul>\n<li>Alle RAL- und Pantone Farben f\u00fcr Grundmaterial als auch Bedruckung, Lasergravuren<\/li>\n<li>verschieden Oberfl\u00e4chen-Finishing (matt Expoxy oder Glanz-coating)<\/li>\n<li>Integration von LED\u2019s m\u00f6glich<\/li>\n<li>Night-shining (Fluorenscent)<\/li>\n<\/ul>\n<p>Lebensdauer: min. 500000 Schaltzyklen ( bis max. 30 Mio.)<\/p>\n<p><strong>Folientastaturen<\/strong><\/p>\n<ul>\n<li>Basismaterialien: Oberfl\u00e4che Polyester glatt oder strukturiert, verschieden St\u00e4rken<\/li>\n<li>Leiterplattenstruktur aus Carbon und \/oder Silberpaste<\/li>\n<li>Leiterplattenstruktur aus Kupfer (RA oder ED) f\u00fcr h\u00f6chste Anspr\u00fcche geeignet<\/li>\n<li>Bet\u00e4tigung mittels Metall-Schnapscheiben mit unterschiedlichen Kontaktkr\u00e4ften (100-450 Gramm)<\/li>\n<li>Oberfl\u00e4chen mit erhabener Struktur (Embossing)<\/li>\n<li>Integration von Bauteilen, z.B. LED\u2019s oder anderen aktive\/passive Komponenten (7-Segment-Anzeigen)<\/li>\n<li>IP-Schutzart IP65\/67<\/li>\n<li>Kundenspezifische Bedruckung aller Logos , Symbole etc. in alle RAL- und Pantonefarben bzw.nach Kundenwunsch<\/li>\n<li>Flex-Anschl\u00fcsse f\u00fcr Steckverbinder z.B. FPC\/FFC oder zum direkten Einl\u00f6ten in Leiterplatten bzw.f\u00fcr B\u00fcgell\u00f6t-Verfahren geeignet sowie Anschlagen von Folien-Crimp-Steckverbinder, vergoldete, versilberte oder verzinnte Oberfl\u00e4chen<\/li>\n<li>Folien k\u00f6nnen auch auf weitere Tr\u00e4germaterialien aufgebracht werden, z.B. Alu-Platten, Kunstoff-Platten etc.<\/li>\n<\/ul>\n<p><strong>techn. Daten:<\/strong><\/p>\n<ul>\n<li>Betriebsspannung &lt; 35VDC<\/li>\n<li>Betriebsstrom: &lt;100mA<\/li>\n<li>Kontaktwiderstand: &lt; 100 Meg Ohm<\/li>\n<li>Kontaktkraft: 30-500 Gramm<\/li>\n<li>Kontaktweg: 0,10 bis 0,60 mm<\/li>\n<li>Temperatur Einsatzbereich: 0 &#8211; +50\u00b0C<\/li>\n<li>Lagertemperatur: -45\u00b0C bis + 90\u00b0C<\/li>\n<li>Lebensdauer: min. 500000 Schaltzyklen bis 30 MIo.<\/li>\n<\/ul>\n<p>[\/vc_column_text][\/vc_column][vc_column width=&#8221;1\/2&#8243;][vc_single_image image=&#8221;1024&#8243; img_size=&#8221;full&#8221; onclick=&#8221;link_image&#8221;][vc_empty_space][vc_single_image image=&#8221;1027&#8243; img_size=&#8221;medium&#8221; onclick=&#8221;link_image&#8221;][vc_single_image image=&#8221;1027&#8243; img_size=&#8221;medium&#8221; onclick=&#8221;link_image&#8221;][\/vc_column][\/vc_row]<\/p>\n","protected":false},"excerpt":{"rendered":"<p>[vc_row][vc_column width=&#8221;1\/2&#8243;][vc_column_text]Schalt-und Tastenmatten aus Silkon Verschiedene Shoreh\u00e4rten Variable Kontaktdr\u00fccke von 20 bis 350 Gramm Mit Carbon-oder Goldkontakten (verschieden Strukturen) Alle RAL- &#8230;<\/p>\n","protected":false},"author":1,"featured_media":0,"parent":0,"menu_order":0,"comment_status":"closed","ping_status":"closed","template":"","meta":[],"translation":{"provider":"WPGlobus","version":"2.10.4","language":"en","enabled_languages":["de","en"],"languages":{"de":{"title":true,"content":true,"excerpt":false},"en":{"title":false,"content":false,"excerpt":false}}},"_links":{"self":[{"href":"https:\/\/wi-tec-gmbh.de\/en\/wp-json\/wp\/v2\/pages\/1035"}],"collection":[{"href":"https:\/\/wi-tec-gmbh.de\/en\/wp-json\/wp\/v2\/pages"}],"about":[{"href":"https:\/\/wi-tec-gmbh.de\/en\/wp-json\/wp\/v2\/types\/page"}],"author":[{"embeddable":true,"href":"https:\/\/wi-tec-gmbh.de\/en\/wp-json\/wp\/v2\/users\/1"}],"replies":[{"embeddable":true,"href":"https:\/\/wi-tec-gmbh.de\/en\/wp-json\/wp\/v2\/comments?post=1035"}],"version-history":[{"count":7,"href":"https:\/\/wi-tec-gmbh.de\/en\/wp-json\/wp\/v2\/pages\/1035\/revisions"}],"predecessor-version":[{"id":1042,"href":"https:\/\/wi-tec-gmbh.de\/en\/wp-json\/wp\/v2\/pages\/1035\/revisions\/1042"}],"wp:attachment":[{"href":"https:\/\/wi-tec-gmbh.de\/en\/wp-json\/wp\/v2\/media?parent=1035"}],"curies":[{"name":"wp","href":"https:\/\/api.w.org\/{rel}","templated":true}]}}